{"id":8,"date":"2025-04-15T15:01:24","date_gmt":"2025-04-15T15:01:24","guid":{"rendered":"https:\/\/artconservation.spacegrafik.ch\/?page_id=8"},"modified":"2025-04-15T18:33:05","modified_gmt":"2025-04-15T18:33:05","slug":"8-2","status":"publish","type":"page","link":"https:\/\/artconservation.spacegrafik.ch\/","title":{"rendered":"Home"},"content":{"rendered":"<p>[et_pb_section fb_built=&#8220;1&#8243; _builder_version=&#8220;4.27.4&#8243; _module_preset=&#8220;default&#8220; global_colors_info=&#8220;{}&#8220;][et_pb_row _builder_version=&#8220;4.27.4&#8243; _module_preset=&#8220;default&#8220; global_colors_info=&#8220;{}&#8220;][et_pb_column type=&#8220;4_4&#8243; _builder_version=&#8220;4.27.4&#8243; _module_preset=&#8220;default&#8220; global_colors_info=&#8220;{}&#8220;][et_pb_text _builder_version=&#8220;4.27.4&#8243; _module_preset=&#8220;default&#8220; hover_enabled=&#8220;0&#8243; global_colors_info=&#8220;{}&#8220; sticky_enabled=&#8220;0&#8243;]<\/p>\n<h1 style=\"text-align: center;\">Art Conservation<\/h1>\n<p>Willkommen bei der Art Conservation Atelier GmbH in K\u00fcsnacht am Z\u00fcrichsee<br \/>Hier stehen Sie und Ihre Kunstwerke im Mittelpunkt .<\/p>\n<p>Restaurierung und Konservierung von Gem\u00e4lden, Skulpturen, polychromen Bildwerken sowie moderner und zeitgen\u00f6ssischer Kunst. Kunsttechnologische und Bildgebende Untersuchungen sowie Erstellen von Zustands- und Ausleihprotokollen. Seit 2001 in K\u00fcsnacht und Ansprechpartner in allen Belangen rund um die Pflege und den Erhalt Ihrer Kunstwerke.<\/p>\n<p>Seri\u00f6se Restaurierung heisst in erster Linie Respekt gegen\u00fcber der nat\u00fcrlich gealterten Substanz.<br \/>Die eingehende Untersuchung des Kunstwerkes ist die Basis f\u00fcr eine erfolgreiche Restaurierung.<br \/>Die einzelnen Arbeitsschritte werden sorgsam geplant und vorbereitet. F\u00fcr uns ist jedes Kunstwerk einzigartig und kommt in den uneingeschr\u00e4nkten Genuss unserer gesamten restauratorischen Erfahrung und Leidenschaft.<br \/>Sie und Ihr Kunstwerk sind bei uns genau richtig, wenn&#8230;<\/p>\n<p>&#8230;sie Fragen zum Erhaltungszustand ihres Kunstwerkes haben.<br \/>&#8230;es verschmutzt ist und Flecken oder Spritzer hat.<br \/>&#8230;sie unsicher sind, ob mit ihrem Kunstwerk alles in Ordnung ist.<br \/>&#8230;es verbeult ist, Wellen hat oder anderweitig deformiert ist.<br \/>&#8230;sie einen Ansprechpartner rund um die Pflege und den Erhalt Ihres Kunstwerkes brauchen.<br \/>&#8230;es Kratzer, L\u00f6cher oder Risse aufweist.<br \/>&#8230;sie eine kunsttechnologische Untersuchung f\u00fcr Ihr Kunstwerk ben\u00f6tigen.<br \/>&#8230;es lockere Farbe hat, oder sich schon Fehlstellen gebildet haben.<br \/>&#8230;sie ein Ausleih- oder Zustandsprotokoll brauchen.<br \/>&#8230;es einen so sehr ver\u00e4nderten Firnis aufweist, dass er st\u00f6rt.<br \/>&#8230;sie schon selbst versucht haben, den Schaden zu beheben.<br \/>&#8230;es einen \u201dkleinen Service\u201d braucht, damit es in W\u00fcrde alt werden kann.<br \/>&#8230;sie wieder Freude an Ihrem Kunstwerk haben m\u00f6chten.<\/p>\n<p>Vereinbaren Sie einen Termin und kommen Sie mit Ihrem \u201dPatienten\u201d vorbei.<br \/>In einem ersten, unverbindlichen Beratungsgespr\u00e4ch finden wir mit Ihnen und dem Kunstwerk einen restauratorischen Weg zur Schadensbehebung.<\/p>\n<p>[\/et_pb_text][\/et_pb_column][\/et_pb_row][\/et_pb_section]<\/p>\n","protected":false},"excerpt":{"rendered":"<p>Art Conservation Willkommen bei der Art Conservation Atelier GmbH in K\u00fcsnacht am Z\u00fcrichseeHier stehen Sie und Ihre Kunstwerke im Mittelpunkt . Restaurierung und Konservierung von Gem\u00e4lden, Skulpturen, polychromen Bildwerken sowie moderner und zeitgen\u00f6ssischer Kunst. Kunsttechnologische und Bildgebende Untersuchungen sowie Erstellen von Zustands- und Ausleihprotokollen. Seit 2001 in K\u00fcsnacht und Ansprechpartner in allen Belangen rund um [&hellip;]<\/p>\n","protected":false},"author":1,"featured_media":0,"parent":0,"menu_order":0,"comment_status":"closed","ping_status":"closed","template":"","meta":{"_et_pb_use_builder":"on","_et_pb_old_content":"","_et_gb_content_width":"","footnotes":""},"class_list":["post-8","page","type-page","status-publish","hentry"],"_links":{"self":[{"href":"https:\/\/artconservation.spacegrafik.ch\/index.php?rest_route=\/wp\/v2\/pages\/8","targetHints":{"allow":["GET"]}}],"collection":[{"href":"https:\/\/artconservation.spacegrafik.ch\/index.php?rest_route=\/wp\/v2\/pages"}],"about":[{"href":"https:\/\/artconservation.spacegrafik.ch\/index.php?rest_route=\/wp\/v2\/types\/page"}],"author":[{"embeddable":true,"href":"https:\/\/artconservation.spacegrafik.ch\/index.php?rest_route=\/wp\/v2\/users\/1"}],"replies":[{"embeddable":true,"href":"https:\/\/artconservation.spacegrafik.ch\/index.php?rest_route=%2Fwp%2Fv2%2Fcomments&post=8"}],"version-history":[{"count":9,"href":"https:\/\/artconservation.spacegrafik.ch\/index.php?rest_route=\/wp\/v2\/pages\/8\/revisions"}],"predecessor-version":[{"id":63,"href":"https:\/\/artconservation.spacegrafik.ch\/index.php?rest_route=\/wp\/v2\/pages\/8\/revisions\/63"}],"wp:attachment":[{"href":"https:\/\/artconservation.spacegrafik.ch\/index.php?rest_route=%2Fwp%2Fv2%2Fmedia&parent=8"}],"curies":[{"name":"wp","href":"https:\/\/api.w.org\/{rel}","templated":true}]}}